{"id":1410,"date":"2022-10-20T11:41:39","date_gmt":"2022-10-20T09:41:39","guid":{"rendered":"https:\/\/www.lecomptoirbelge.be\/?page_id=1410"},"modified":"2022-10-24T12:58:55","modified_gmt":"2022-10-24T10:58:55","slug":"privacy-voorwaarden","status":"publish","type":"page","link":"https:\/\/www.lecomptoirbelge.be\/nl\/privacy-voorwaarden\/","title":{"rendered":"Privacy voorwaarden"},"content":{"rendered":"\n<h2 class=\"wp-block-heading\">\u00c9diteur<\/h2>\n\n\n\n<p>L\u2019adresse de notre site est&nbsp;: www.lecomptoirbelge.be.<\/p>\n\n\n\n<p>Coordonn\u00e9es du Vendeur :<br>G2SG Srl<br>Rue du Relais 48 &#8211; 1170 Bruxelles<br>Tel : +32 2 539 12 00<\/p>\n\n\n\n<p>Mail: <a href=\"&#x6d;&#x61;&#x69;&#108;&#116;o:&#x69;&#x6e;&#x66;&#x6f;&#64;&#108;ec&#x6f;&#x6d;&#x70;&#116;&#111;&#105;rb&#x65;&#x6c;&#x67;&#101;&#46;be\">in&#102;&#111;&#64;&#x6c;&#x65;&#x63;&#x6f;mp&#116;&#111;&#105;&#x72;&#x62;&#x65;&#x6c;ge&#46;&#98;&#101;<\/a><br>Web : <a href=\"http:\/\/www.lecomptoirbelge.be\">www.lecomptoirbelge.be<\/a><br>N\u00b0 entreprise : 0760 812 372<br>N\u00b0 TVA : BE 0760&nbsp;812 372<br><br><\/p>\n\n\n\n<h2 class=\"wp-block-heading\">D\u00e9veloppeur<\/h2>\n\n\n\n<p>Vinciane Decamps<\/p>\n\n\n\n<p><a href=\"https:\/\/www.vinch-atelier.be\/\" target=\"_blank\" rel=\"noreferrer noopener\">www.vinch-atelier.be<\/a><\/p>\n\n\n\n<p><\/p>\n\n\n\n<h2 class=\"wp-block-heading\">H\u00e9bergeur<\/h2>\n\n\n\n<p>Soci\u00e9t\u00e9 OVH<br>2 Rue Kellermann<br>59100 Roubaix \u2013 France<\/p>\n\n\n\n<p><\/p>\n\n\n\n<h2 class=\"wp-block-heading\">Photographe<\/h2>\n\n\n\n<p>Ivan Put<\/p>\n\n\n\n<p><a href=\"https:\/\/www.idphotoagency.com\/ivanput\" target=\"_blank\" rel=\"noreferrer noopener\">www.idphotoagency.com\/ivanput<\/a><\/p>\n\n\n\n<h2 class=\"wp-block-heading\">Droits d&#8217;auteurs<\/h2>\n\n\n\n<p>L\u2019ensemble du contenu de ce site (nom de domaine, logos, textes, dessins, illustrations, photographies\u2026) est la propri\u00e9t\u00e9 du Comptoir belge ou de ses prestataires techniques ou fait l\u2019objet d\u2019une autorisation d\u2019utilisation. Il est donc prot\u00e9g\u00e9 par les lois en vigueur sur la propri\u00e9t\u00e9 intellectuelle : toute repr\u00e9sentation ou reproduction non express\u00e9ment autoris\u00e9e, int\u00e9grale ou partielle, par quelque proc\u00e9d\u00e9 que ce soit, est illicite si elle n\u2019a pas fait l\u2019objet d\u2019une autorisation \u00e9crite et pr\u00e9alable du Comptoir belge. <\/p>\n\n\n\n<h2 class=\"wp-block-heading\">Protection des donn\u00e9es \/ RGPD<\/h2>\n\n\n\n<p>Toutes les donn\u00e9es \u00e0 caract\u00e8re personnel collect\u00e9es par le  Comptoir belge seront trait\u00e9es conform\u00e9ment aux r\u00e9glementations belges et europ\u00e9ennes applicables \u00e0 la protection des donn\u00e9es \u00e0 caract\u00e8re personnel, notamment le R\u00e8glement (UE) 2016\/679 du Parlement Europ\u00e9en et du Conseil du 27 avril 2016 relatif \u00e0 la protection des personnes physiques \u00e0 l\u2019\u00e9gard du traitement des donn\u00e9es \u00e0 caract\u00e8re personnel et \u00e0 la libre circulation de ces donn\u00e9es.<\/p>\n\n\n\n<h2 class=\"wp-block-heading\">Utilisation des donn\u00e9es personnelles collect\u00e9es<\/h2>\n\n\n\n<h3 class=\"wp-block-heading\">Formulaire de contact<\/h3>\n\n\n\n<p>Lors de l\u2019utilisation d\u2019un formulaire de contact, les informations recueillies sont les suivantes : nom, pr\u00e9nom, adresse mail. Ce sont des donn\u00e9es que vous nous communiquez volontairement.<br>Ces donn\u00e9es nous servent \u00e0 traiter vos demandes, \u00e0 ex\u00e9cuter et effectuer le suivi de vos commandes et des prestations qui en d\u00e9coulent.<\/p>\n\n\n\n<h3 class=\"wp-block-heading\">Cookies<\/h3>\n\n\n\n<p>Lorsque vous naviguez sur notre site, des donn\u00e9es passives peuvent \u00eatre recueillies, telles que votre adresse IP ou le type de navigateur que vous utilisez.<br>Les cookies sont de petits fichiers textes qui sont install\u00e9s sur votre appareil lorsque vous visitez notre site Web. Ils ne vous identifient pas personnellement. Ils sont notamment utilis\u00e9s par Google Analytics, un service d\u2019analyse de sites Internet fourni par Google. Ces donn\u00e9es nous permettent d\u2019\u00e9tablir les statistiques de visites de notre site, et d\u00e8s lors \u00e0 am\u00e9liorer nos services.<\/p>\n\n\n\n<p>Cookies de session : les cookies de ce type sont temporairement stock\u00e9s sur votre ordinateur ou votre p\u00e9riph\u00e9rique pendant une session de navigation. Ils sont effac\u00e9s de votre ordinateur ou de votre p\u00e9riph\u00e9rique \u00e0 la fin de la session de navigation.<\/p>\n\n\n\n<p>Cookies permanents : les cookies de ce type demeurent plus longtemps sur votre ordinateur. Les cookies permanents nous aident \u00e0 vous reconna\u00eetre lorsque nous devons savoir qui vous \u00eates pour plus d\u2019une session de navigation.<\/p>\n\n\n\n<h3 class=\"wp-block-heading\">Utilisation et transmission de vos donn\u00e9es personnelles<\/h3>\n\n\n\n<p>Nous pouvons \u00eatre amen\u00e9s \u00e0 divulguer vos donn\u00e9es si cela est n\u00e9cessaire afin de (a) respecter les lois applicables ou satisfaire \u00e0 une ordonnance ou une injonction provenant des Cours et Tribunaux, ou de (b) prot\u00e9ger et d\u00e9fendre nos droits ou ceux des utilisateurs de notre site.<\/p>\n\n\n\n<p>Nous pouvons anonymiser les donn\u00e9es en \u00f4tant les \u00e9l\u00e9ments identifiables personnellement tels que le nom et l\u2019adresse e-mail, et regrouper les donn\u00e9es pour les utiliser dans le cadre d\u2019\u00e9tudes de march\u00e9 ou \u00e0 d\u2019autres fins professionnelles. Nous pourrons ensuite \u00eatre amen\u00e9s \u00e0 divulguer ces informations anonymis\u00e9es \u00e0 des tiers.<\/p>\n\n\n\n<p>Aucune de vos donn\u00e9es ne sera utilis\u00e9e \u00e0 des fins de marketing ni vendue \u00e0 des tiers.<\/p>\n\n\n\n<h3 class=\"wp-block-heading\">Vos droits sur vos donn\u00e9es<\/h3>\n\n\n\n<p>Conform\u00e9ment \u00e0 la r\u00e8glementation, vous pouvez demander \u00e0 recevoir un fichier contenant toutes les donn\u00e9es personnelles que nous poss\u00e9dons \u00e0 votre sujet, incluant celles que vous nous avez fournies. Vous pouvez \u00e9galement demander la suppression des donn\u00e9es personnelles vous concernant. Cela ne concerne pas les donn\u00e9es stock\u00e9es \u00e0 des fins administratives, l\u00e9gales ou pour des raisons de s\u00e9curit\u00e9.<\/p>\n\n\n\n<p>Pour toute demande d\u2019acc\u00e8s, de modification, de rectification et de suppression de vos donn\u00e9es, vous pouvez nous contacter via notre formulaire de contact ou par courrier au 72 avenue Jean Volders 1060 Bruxelles. Il nous faudra vous identifier pour pouvoir r\u00e9pondre \u00e0 votre demande.<\/p>\n\n\n\n<h3 class=\"wp-block-heading\">S\u00e9curisation des donn\u00e9es<\/h3>\n\n\n\n<p>Afin d\u2019assurer la protection des donn\u00e9es recueillies, notre site est prot\u00e9g\u00e9 par le protocole HTTPS.<\/p>\n\n\n\n<h3 class=\"wp-block-heading\">Liens hypertextes<\/h3>\n\n\n\n<p>Le site de <a href=\"http:\/\/www.lecomptoirbelge.be\">www.lecomptoirbelge.be<\/a> contient des liens hypertextes qui peuvent renvoyer vers d\u2019autres sites. Ces sites ne sont pas sous le contr\u00f4le du Comptoir belge, qui d\u00e9cline donc toute responsabilit\u00e9 dans le cas o\u00f9 ce contenu contreviendrait aux dispositions l\u00e9gales et r\u00e8glementaires en vigueur.<\/p>\n\n\n\n<h3 class=\"wp-block-heading\">Droit de r\u00e9clamation<\/h3>\n\n\n\n<p>Sans pr\u00e9judice de tout autre recours administratif ou juridictionnel, vous disposez du droit d\u2019introduire une r\u00e9clamation aupr\u00e8s d\u2019une autorit\u00e9 de contr\u00f4le, notamment dans l\u2019\u00c9tat membre de votre r\u00e9sidence habituelle, lieu de travail ou lieu de la violation all\u00e9gu\u00e9e si vous consid\u00e9rez que le traitement de vos donn\u00e9es enfreint le RGPD.<\/p>\n","protected":false},"excerpt":{"rendered":"<p>\u00c9diteur L\u2019adresse de notre site est&nbsp;: www.lecomptoirbelge.be. Coordonn\u00e9es du Vendeur :G2SG SrlRue du Relais 48 &#8211; 1170 BruxellesTel : +32 2 539 12 00 Mail: in&#102;&#111;&#64;&#108;&#x65;&#x63;&#x6f;&#x6d;&#x70;to&#105;&#114;&#98;&#101;&#x6c;&#x67;&#x65;&#x2e;&#x62;eWeb : www.lecomptoirbelge.beN\u00b0 entreprise : 0760 812 372N\u00b0 TVA : BE 0760&nbsp;812 372 D\u00e9veloppeur Vinciane Decamps www.vinch-atelier.be H\u00e9bergeur Soci\u00e9t\u00e9 OVH2&#8230;<\/p>\n","protected":false},"author":1,"featured_media":0,"parent":0,"menu_order":0,"comment_status":"closed","ping_status":"closed","template":"","meta":{"footnotes":""},"class_list":["post-1410","page","type-page","status-publish","hentry"],"yoast_head":"<!-- This site is optimized with the Yoast SEO plugin v27.2 - https:\/\/yoast.com\/product\/yoast-seo-wordpress\/ -->\n<title>Privacy voorwaarden - Le Comptoir belge<\/title>\n<meta name=\"robots\" content=\"noindex, follow\" \/>\n<meta property=\"og:locale\" content=\"nl_NL\" \/>\n<meta property=\"og:type\" content=\"article\" \/>\n<meta property=\"og:title\" content=\"Privacy voorwaarden - Le Comptoir belge\" \/>\n<meta property=\"og:description\" content=\"\u00c9diteur L\u2019adresse de notre site est&nbsp;: www.lecomptoirbelge.be. Coordonn\u00e9es du Vendeur :G2SG SrlRue du Relais 48 &#8211; 1170 BruxellesTel : +32 2 539 12 00 Mail: &#105;n&#x66;o&#x40;&#108;&#x65;&#099;&#x6f;&#109;p&#x74;o&#x69;&#114;&#x62;&#101;&#x6c;&#103;&#x65;&#046;b&#x65;Web : www.lecomptoirbelge.beN\u00b0 entreprise : 0760 812 372N\u00b0 TVA : BE 0760&nbsp;812 372 D\u00e9veloppeur Vinciane Decamps www.vinch-atelier.be H\u00e9bergeur Soci\u00e9t\u00e9 OVH2...\" \/>\n<meta property=\"og:url\" content=\"https:\/\/www.lecomptoirbelge.be\/nl\/privacy-voorwaarden\/\" \/>\n<meta property=\"og:site_name\" content=\"Le Comptoir belge\" \/>\n<meta property=\"article:modified_time\" content=\"2022-10-24T10:58:55+00:00\" \/>\n<meta name=\"twitter:card\" content=\"summary_large_image\" \/>\n<meta name=\"twitter:label1\" content=\"Geschatte leestijd\" \/>\n\t<meta name=\"twitter:data1\" content=\"4 minuten\" \/>\n<script type=\"application\/ld+json\" class=\"yoast-schema-graph\">{\"@context\":\"https:\/\/schema.org\",\"@graph\":[{\"@type\":\"WebPage\",\"@id\":\"https:\/\/www.lecomptoirbelge.be\/nl\/privacy-voorwaarden\/\",\"url\":\"https:\/\/www.lecomptoirbelge.be\/nl\/privacy-voorwaarden\/\",\"name\":\"Privacy voorwaarden - Le Comptoir belge\",\"isPartOf\":{\"@id\":\"https:\/\/www.lecomptoirbelge.be\/fr\/#website\"},\"datePublished\":\"2022-10-20T09:41:39+00:00\",\"dateModified\":\"2022-10-24T10:58:55+00:00\",\"breadcrumb\":{\"@id\":\"https:\/\/www.lecomptoirbelge.be\/nl\/privacy-voorwaarden\/#breadcrumb\"},\"inLanguage\":\"nl-NL\",\"potentialAction\":[{\"@type\":\"ReadAction\",\"target\":[\"https:\/\/www.lecomptoirbelge.be\/nl\/privacy-voorwaarden\/\"]}]},{\"@type\":\"BreadcrumbList\",\"@id\":\"https:\/\/www.lecomptoirbelge.be\/nl\/privacy-voorwaarden\/#breadcrumb\",\"itemListElement\":[{\"@type\":\"ListItem\",\"position\":1,\"name\":\"Accueil\",\"item\":\"https:\/\/www.lecomptoirbelge.be\/nl\/\"},{\"@type\":\"ListItem\",\"position\":2,\"name\":\"Privacy voorwaarden\"}]},{\"@type\":\"WebSite\",\"@id\":\"https:\/\/www.lecomptoirbelge.be\/fr\/#website\",\"url\":\"https:\/\/www.lecomptoirbelge.be\/fr\/\",\"name\":\"Le Comptoir belge\",\"description\":\"\u00e9picerie fine \u00e0 Saint-Gilles\",\"potentialAction\":[{\"@type\":\"SearchAction\",\"target\":{\"@type\":\"EntryPoint\",\"urlTemplate\":\"https:\/\/www.lecomptoirbelge.be\/fr\/?s={search_term_string}\"},\"query-input\":{\"@type\":\"PropertyValueSpecification\",\"valueRequired\":true,\"valueName\":\"search_term_string\"}}],\"inLanguage\":\"nl-NL\"}]}<\/script>\n<!-- \/ Yoast SEO plugin. -->","yoast_head_json":{"title":"Privacy voorwaarden - Le Comptoir belge","robots":{"index":"noindex","follow":"follow"},"og_locale":"nl_NL","og_type":"article","og_title":"Privacy voorwaarden - Le Comptoir belge","og_description":"\u00c9diteur L\u2019adresse de notre site est&nbsp;: www.lecomptoirbelge.be. Coordonn\u00e9es du Vendeur :G2SG SrlRue du Relais 48 &#8211; 1170 BruxellesTel : +32 2 539 12 00 Mail: &#105;n&#x66;o&#x40;&#108;&#x65;&#99;&#x6f;&#109;p&#x74;o&#x69;&#114;&#x62;&#101;&#x6c;&#103;&#x65;&#46;b&#x65;Web : www.lecomptoirbelge.beN\u00b0 entreprise : 0760 812 372N\u00b0 TVA : BE 0760&nbsp;812 372 D\u00e9veloppeur Vinciane Decamps www.vinch-atelier.be H\u00e9bergeur Soci\u00e9t\u00e9 OVH2...","og_url":"https:\/\/www.lecomptoirbelge.be\/nl\/privacy-voorwaarden\/","og_site_name":"Le Comptoir belge","article_modified_time":"2022-10-24T10:58:55+00:00","twitter_card":"summary_large_image","twitter_misc":{"Geschatte leestijd":"4 minuten"},"schema":{"@context":"https:\/\/schema.org","@graph":[{"@type":"WebPage","@id":"https:\/\/www.lecomptoirbelge.be\/nl\/privacy-voorwaarden\/","url":"https:\/\/www.lecomptoirbelge.be\/nl\/privacy-voorwaarden\/","name":"Privacy voorwaarden - Le Comptoir belge","isPartOf":{"@id":"https:\/\/www.lecomptoirbelge.be\/fr\/#website"},"datePublished":"2022-10-20T09:41:39+00:00","dateModified":"2022-10-24T10:58:55+00:00","breadcrumb":{"@id":"https:\/\/www.lecomptoirbelge.be\/nl\/privacy-voorwaarden\/#breadcrumb"},"inLanguage":"nl-NL","potentialAction":[{"@type":"ReadAction","target":["https:\/\/www.lecomptoirbelge.be\/nl\/privacy-voorwaarden\/"]}]},{"@type":"BreadcrumbList","@id":"https:\/\/www.lecomptoirbelge.be\/nl\/privacy-voorwaarden\/#breadcrumb","itemListElement":[{"@type":"ListItem","position":1,"name":"Accueil","item":"https:\/\/www.lecomptoirbelge.be\/nl\/"},{"@type":"ListItem","position":2,"name":"Privacy voorwaarden"}]},{"@type":"WebSite","@id":"https:\/\/www.lecomptoirbelge.be\/fr\/#website","url":"https:\/\/www.lecomptoirbelge.be\/fr\/","name":"Le Comptoir belge","description":"\u00e9picerie fine \u00e0 Saint-Gilles","potentialAction":[{"@type":"SearchAction","target":{"@type":"EntryPoint","urlTemplate":"https:\/\/www.lecomptoirbelge.be\/fr\/?s={search_term_string}"},"query-input":{"@type":"PropertyValueSpecification","valueRequired":true,"valueName":"search_term_string"}}],"inLanguage":"nl-NL"}]}},"_links":{"self":[{"href":"https:\/\/www.lecomptoirbelge.be\/nl\/wp-json\/wp\/v2\/pages\/1410","targetHints":{"allow":["GET"]}}],"collection":[{"href":"https:\/\/www.lecomptoirbelge.be\/nl\/wp-json\/wp\/v2\/pages"}],"about":[{"href":"https:\/\/www.lecomptoirbelge.be\/nl\/wp-json\/wp\/v2\/types\/page"}],"author":[{"embeddable":true,"href":"https:\/\/www.lecomptoirbelge.be\/nl\/wp-json\/wp\/v2\/users\/1"}],"replies":[{"embeddable":true,"href":"https:\/\/www.lecomptoirbelge.be\/nl\/wp-json\/wp\/v2\/comments?post=1410"}],"version-history":[{"count":2,"href":"https:\/\/www.lecomptoirbelge.be\/nl\/wp-json\/wp\/v2\/pages\/1410\/revisions"}],"predecessor-version":[{"id":1494,"href":"https:\/\/www.lecomptoirbelge.be\/nl\/wp-json\/wp\/v2\/pages\/1410\/revisions\/1494"}],"wp:attachment":[{"href":"https:\/\/www.lecomptoirbelge.be\/nl\/wp-json\/wp\/v2\/media?parent=1410"}],"curies":[{"name":"wp","href":"https:\/\/api.w.org\/{rel}","templated":true}]}}