{"id":489,"date":"2022-07-22T09:46:00","date_gmt":"2022-07-22T07:46:00","guid":{"rendered":"https:\/\/www.lecomptoirbelge.be\/?page_id=489"},"modified":"2022-09-30T13:46:43","modified_gmt":"2022-09-30T11:46:43","slug":"evenements-saint-gilles-a-faire-a-bruxelles","status":"publish","type":"page","link":"https:\/\/www.lecomptoirbelge.be\/fr\/evenements-saint-gilles-a-faire-a-bruxelles\/","title":{"rendered":"\u00c9v\u00e8nements"},"content":{"rendered":"\t\t<div data-elementor-type=\"wp-page\" data-elementor-id=\"489\" class=\"elementor elementor-489\">\n\t\t\t\t\t\t<section class=\"elementor-section elementor-top-section elementor-element elementor-element-ed5fc44 elementor-section-boxed elementor-section-height-default elementor-section-height-default parallax_section_no qode_elementor_container_no\" data-id=\"ed5fc44\" data-element_type=\"section\" data-e-type=\"section\">\n\t\t\t\t\t\t<div class=\"elementor-container elementor-column-gap-default\">\n\t\t\t\t\t<div class=\"elementor-column elementor-col-100 elementor-top-column elementor-element elementor-element-c3dff4e\" data-id=\"c3dff4e\" data-element_type=\"column\" data-e-type=\"column\">\n\t\t\t<div class=\"elementor-widget-wrap elementor-element-populated\">\n\t\t\t\t\t\t<div class=\"elementor-element elementor-element-513f811 elementor-widget elementor-widget-spacer\" data-id=\"513f811\" data-element_type=\"widget\" data-e-type=\"widget\" data-widget_type=\"spacer.default\">\n\t\t\t\t<div class=\"elementor-widget-container\">\n\t\t\t\t\t\t\t<div class=\"elementor-spacer\">\n\t\t\t<div class=\"elementor-spacer-inner\"><\/div>\n\t\t<\/div>\n\t\t\t\t\t\t<\/div>\n\t\t\t\t<\/div>\n\t\t\t\t<div class=\"elementor-element elementor-element-501ac68 elementor-widget elementor-widget-text-editor\" data-id=\"501ac68\" data-element_type=\"widget\" data-e-type=\"widget\" data-widget_type=\"text-editor.default\">\n\t\t\t\t<div class=\"elementor-widget-container\">\n\t\t\t\t\t\t\t\t\t<h5>Prochainement<\/h5>\t\t\t\t\t\t\t\t<\/div>\n\t\t\t\t<\/div>\n\t\t\t\t<div class=\"elementor-element elementor-element-87188ea elementor-widget elementor-widget-text-editor\" data-id=\"87188ea\" data-element_type=\"widget\" data-e-type=\"widget\" data-widget_type=\"text-editor.default\">\n\t\t\t\t<div class=\"elementor-widget-container\">\n\t\t\t\t\t\t\t\t\t<h2>\u00c0 la boutique<\/h2>\t\t\t\t\t\t\t\t<\/div>\n\t\t\t\t<\/div>\n\t\t\t\t<div class=\"elementor-element elementor-element-54dcd7d elementor-widget elementor-widget-spacer\" data-id=\"54dcd7d\" data-element_type=\"widget\" data-e-type=\"widget\" data-widget_type=\"spacer.default\">\n\t\t\t\t<div class=\"elementor-widget-container\">\n\t\t\t\t\t\t\t<div class=\"elementor-spacer\">\n\t\t\t<div class=\"elementor-spacer-inner\"><\/div>\n\t\t<\/div>\n\t\t\t\t\t\t<\/div>\n\t\t\t\t<\/div>\n\t\t\t\t\t<\/div>\n\t\t<\/div>\n\t\t\t\t\t<\/div>\n\t\t<\/section>\n\t\t\t\t<\/div>\n\t\t","protected":false},"excerpt":{"rendered":"<p>Prochainement \u00c0 la boutique<\/p>\n","protected":false},"author":1,"featured_media":0,"parent":0,"menu_order":0,"comment_status":"closed","ping_status":"closed","template":"agenda_template.php","meta":{"footnotes":""},"class_list":["post-489","page","type-page","status-publish","hentry"],"yoast_head":"<!-- This site is optimized with the Yoast SEO plugin v27.2 - https:\/\/yoast.com\/product\/yoast-seo-wordpress\/ -->\n<title>\u00c9v\u00e8nements - Le Comptoir belge<\/title>\n<meta name=\"description\" content=\"\u00c0 faire \u00e0 Bruxelles prochainement : tous nos \u00e9v\u00e8nements \u00e0 la boutique de Saint-Gilles. Ap\u00e9ros, d\u00e9gustation, d\u00e9couverte des producteurs\" \/>\n<meta name=\"robots\" content=\"index, follow, max-snippet:-1, max-image-preview:large, max-video-preview:-1\" \/>\n<link rel=\"canonical\" href=\"https:\/\/www.lecomptoirbelge.be\/fr\/evenements-saint-gilles-a-faire-a-bruxelles\/\" \/>\n<meta property=\"og:locale\" content=\"fr_FR\" \/>\n<meta property=\"og:type\" content=\"article\" \/>\n<meta property=\"og:title\" content=\"\u00c9v\u00e8nements - Le Comptoir belge\" \/>\n<meta property=\"og:description\" content=\"\u00c0 faire \u00e0 Bruxelles prochainement : tous nos \u00e9v\u00e8nements \u00e0 la boutique de Saint-Gilles. Ap\u00e9ros, d\u00e9gustation, d\u00e9couverte des producteurs\" \/>\n<meta property=\"og:url\" content=\"https:\/\/www.lecomptoirbelge.be\/fr\/evenements-saint-gilles-a-faire-a-bruxelles\/\" \/>\n<meta property=\"og:site_name\" content=\"Le Comptoir belge\" \/>\n<meta property=\"article:modified_time\" content=\"2022-09-30T11:46:43+00:00\" \/>\n<meta name=\"twitter:card\" content=\"summary_large_image\" \/>\n<meta name=\"twitter:label1\" content=\"Dur\u00e9e de lecture estim\u00e9e\" \/>\n\t<meta name=\"twitter:data1\" content=\"1 minute\" \/>\n<script type=\"application\/ld+json\" class=\"yoast-schema-graph\">{\"@context\":\"https:\/\/schema.org\",\"@graph\":[{\"@type\":\"WebPage\",\"@id\":\"https:\/\/www.lecomptoirbelge.be\/fr\/evenements-saint-gilles-a-faire-a-bruxelles\/\",\"url\":\"https:\/\/www.lecomptoirbelge.be\/fr\/evenements-saint-gilles-a-faire-a-bruxelles\/\",\"name\":\"\u00c9v\u00e8nements - Le Comptoir belge\",\"isPartOf\":{\"@id\":\"https:\/\/www.lecomptoirbelge.be\/fr\/#website\"},\"datePublished\":\"2022-07-22T07:46:00+00:00\",\"dateModified\":\"2022-09-30T11:46:43+00:00\",\"description\":\"\u00c0 faire \u00e0 Bruxelles prochainement : tous nos \u00e9v\u00e8nements \u00e0 la boutique de Saint-Gilles. Ap\u00e9ros, d\u00e9gustation, d\u00e9couverte des producteurs\",\"breadcrumb\":{\"@id\":\"https:\/\/www.lecomptoirbelge.be\/fr\/evenements-saint-gilles-a-faire-a-bruxelles\/#breadcrumb\"},\"inLanguage\":\"fr-FR\",\"potentialAction\":[{\"@type\":\"ReadAction\",\"target\":[\"https:\/\/www.lecomptoirbelge.be\/fr\/evenements-saint-gilles-a-faire-a-bruxelles\/\"]}]},{\"@type\":\"BreadcrumbList\",\"@id\":\"https:\/\/www.lecomptoirbelge.be\/fr\/evenements-saint-gilles-a-faire-a-bruxelles\/#breadcrumb\",\"itemListElement\":[{\"@type\":\"ListItem\",\"position\":1,\"name\":\"Accueil\",\"item\":\"https:\/\/www.lecomptoirbelge.be\/en\/\"},{\"@type\":\"ListItem\",\"position\":2,\"name\":\"\u00c9v\u00e8nements\"}]},{\"@type\":\"WebSite\",\"@id\":\"https:\/\/www.lecomptoirbelge.be\/fr\/#website\",\"url\":\"https:\/\/www.lecomptoirbelge.be\/fr\/\",\"name\":\"Le Comptoir belge\",\"description\":\"\u00e9picerie fine \u00e0 Saint-Gilles\",\"potentialAction\":[{\"@type\":\"SearchAction\",\"target\":{\"@type\":\"EntryPoint\",\"urlTemplate\":\"https:\/\/www.lecomptoirbelge.be\/fr\/?s={search_term_string}\"},\"query-input\":{\"@type\":\"PropertyValueSpecification\",\"valueRequired\":true,\"valueName\":\"search_term_string\"}}],\"inLanguage\":\"fr-FR\"}]}<\/script>\n<!-- \/ Yoast SEO plugin. -->","yoast_head_json":{"title":"\u00c9v\u00e8nements - Le Comptoir belge","description":"\u00c0 faire \u00e0 Bruxelles prochainement : tous nos \u00e9v\u00e8nements \u00e0 la boutique de Saint-Gilles. Ap\u00e9ros, d\u00e9gustation, d\u00e9couverte des producteurs","robots":{"index":"index","follow":"follow","max-snippet":"max-snippet:-1","max-image-preview":"max-image-preview:large","max-video-preview":"max-video-preview:-1"},"canonical":"https:\/\/www.lecomptoirbelge.be\/fr\/evenements-saint-gilles-a-faire-a-bruxelles\/","og_locale":"fr_FR","og_type":"article","og_title":"\u00c9v\u00e8nements - Le Comptoir belge","og_description":"\u00c0 faire \u00e0 Bruxelles prochainement : tous nos \u00e9v\u00e8nements \u00e0 la boutique de Saint-Gilles. Ap\u00e9ros, d\u00e9gustation, d\u00e9couverte des producteurs","og_url":"https:\/\/www.lecomptoirbelge.be\/fr\/evenements-saint-gilles-a-faire-a-bruxelles\/","og_site_name":"Le Comptoir belge","article_modified_time":"2022-09-30T11:46:43+00:00","twitter_card":"summary_large_image","twitter_misc":{"Dur\u00e9e de lecture estim\u00e9e":"1 minute"},"schema":{"@context":"https:\/\/schema.org","@graph":[{"@type":"WebPage","@id":"https:\/\/www.lecomptoirbelge.be\/fr\/evenements-saint-gilles-a-faire-a-bruxelles\/","url":"https:\/\/www.lecomptoirbelge.be\/fr\/evenements-saint-gilles-a-faire-a-bruxelles\/","name":"\u00c9v\u00e8nements - Le Comptoir belge","isPartOf":{"@id":"https:\/\/www.lecomptoirbelge.be\/fr\/#website"},"datePublished":"2022-07-22T07:46:00+00:00","dateModified":"2022-09-30T11:46:43+00:00","description":"\u00c0 faire \u00e0 Bruxelles prochainement : tous nos \u00e9v\u00e8nements \u00e0 la boutique de Saint-Gilles. Ap\u00e9ros, d\u00e9gustation, d\u00e9couverte des producteurs","breadcrumb":{"@id":"https:\/\/www.lecomptoirbelge.be\/fr\/evenements-saint-gilles-a-faire-a-bruxelles\/#breadcrumb"},"inLanguage":"fr-FR","potentialAction":[{"@type":"ReadAction","target":["https:\/\/www.lecomptoirbelge.be\/fr\/evenements-saint-gilles-a-faire-a-bruxelles\/"]}]},{"@type":"BreadcrumbList","@id":"https:\/\/www.lecomptoirbelge.be\/fr\/evenements-saint-gilles-a-faire-a-bruxelles\/#breadcrumb","itemListElement":[{"@type":"ListItem","position":1,"name":"Accueil","item":"https:\/\/www.lecomptoirbelge.be\/en\/"},{"@type":"ListItem","position":2,"name":"\u00c9v\u00e8nements"}]},{"@type":"WebSite","@id":"https:\/\/www.lecomptoirbelge.be\/fr\/#website","url":"https:\/\/www.lecomptoirbelge.be\/fr\/","name":"Le Comptoir belge","description":"\u00e9picerie fine \u00e0 Saint-Gilles","potentialAction":[{"@type":"SearchAction","target":{"@type":"EntryPoint","urlTemplate":"https:\/\/www.lecomptoirbelge.be\/fr\/?s={search_term_string}"},"query-input":{"@type":"PropertyValueSpecification","valueRequired":true,"valueName":"search_term_string"}}],"inLanguage":"fr-FR"}]}},"_links":{"self":[{"href":"https:\/\/www.lecomptoirbelge.be\/fr\/wp-json\/wp\/v2\/pages\/489","targetHints":{"allow":["GET"]}}],"collection":[{"href":"https:\/\/www.lecomptoirbelge.be\/fr\/wp-json\/wp\/v2\/pages"}],"about":[{"href":"https:\/\/www.lecomptoirbelge.be\/fr\/wp-json\/wp\/v2\/types\/page"}],"author":[{"embeddable":true,"href":"https:\/\/www.lecomptoirbelge.be\/fr\/wp-json\/wp\/v2\/users\/1"}],"replies":[{"embeddable":true,"href":"https:\/\/www.lecomptoirbelge.be\/fr\/wp-json\/wp\/v2\/comments?post=489"}],"version-history":[{"count":5,"href":"https:\/\/www.lecomptoirbelge.be\/fr\/wp-json\/wp\/v2\/pages\/489\/revisions"}],"predecessor-version":[{"id":1574,"href":"https:\/\/www.lecomptoirbelge.be\/fr\/wp-json\/wp\/v2\/pages\/489\/revisions\/1574"}],"wp:attachment":[{"href":"https:\/\/www.lecomptoirbelge.be\/fr\/wp-json\/wp\/v2\/media?parent=489"}],"curies":[{"name":"wp","href":"https:\/\/api.w.org\/{rel}","templated":true}]}}