{"id":106,"date":"2019-10-21T09:06:24","date_gmt":"2019-10-21T07:06:24","guid":{"rendered":"https:\/\/bridge269.qodeinteractive.com\/?page_id=106"},"modified":"2025-11-05T09:14:55","modified_gmt":"2025-11-05T08:14:55","slug":"a-propos-de-epicerie-caviste-saint-gilles","status":"publish","type":"page","link":"https:\/\/www.lecomptoirbelge.be\/fr\/a-propos-de-epicerie-caviste-saint-gilles\/","title":{"rendered":"\u00c0 propos"},"content":{"rendered":"\t\t<div data-elementor-type=\"wp-page\" data-elementor-id=\"106\" class=\"elementor elementor-106\">\n\t\t\t\t\t\t<section class=\"elementor-section elementor-top-section elementor-element elementor-element-6305971 elementor-section-boxed elementor-section-height-default elementor-section-height-default parallax_section_no qode_elementor_container_no\" data-id=\"6305971\" data-element_type=\"section\" data-e-type=\"section\">\n\t\t\t\t\t\t<div class=\"elementor-container elementor-column-gap-default\">\n\t\t\t\t\t<div class=\"elementor-column elementor-col-50 elementor-top-column elementor-element elementor-element-0a49d50\" data-id=\"0a49d50\" data-element_type=\"column\" data-e-type=\"column\">\n\t\t\t<div class=\"elementor-widget-wrap elementor-element-populated\">\n\t\t\t\t\t\t<div class=\"elementor-element elementor-element-312b4dd elementor-widget elementor-widget-image\" data-id=\"312b4dd\" data-element_type=\"widget\" data-e-type=\"widget\" data-widget_type=\"image.default\">\n\t\t\t\t<div class=\"elementor-widget-container\">\n\t\t\t\t\t\t\t\t\t\t\t\t\t\t\t<img fetchpriority=\"high\" decoding=\"async\" width=\"800\" height=\"650\" src=\"https:\/\/www.lecomptoirbelge.be\/wp-content\/uploads\/2022\/07\/le-comptoir-belge-bruxelles-photo-historique-small-min.png\" class=\"attachment-full size-full wp-image-397\" alt=\"\" srcset=\"https:\/\/www.lecomptoirbelge.be\/wp-content\/uploads\/2022\/07\/le-comptoir-belge-bruxelles-photo-historique-small-min.png 800w, https:\/\/www.lecomptoirbelge.be\/wp-content\/uploads\/2022\/07\/le-comptoir-belge-bruxelles-photo-historique-small-min-300x244.png 300w, https:\/\/www.lecomptoirbelge.be\/wp-content\/uploads\/2022\/07\/le-comptoir-belge-bruxelles-photo-historique-small-min-768x624.png 768w, https:\/\/www.lecomptoirbelge.be\/wp-content\/uploads\/2022\/07\/le-comptoir-belge-bruxelles-photo-historique-small-min-700x569.png 700w\" sizes=\"(max-width: 800px) 100vw, 800px\" \/>\t\t\t\t\t\t\t\t\t\t\t\t\t\t\t<\/div>\n\t\t\t\t<\/div>\n\t\t\t\t\t<\/div>\n\t\t<\/div>\n\t\t\t\t<div class=\"elementor-column elementor-col-50 elementor-top-column elementor-element elementor-element-4d755e6d\" data-id=\"4d755e6d\" data-element_type=\"column\" data-e-type=\"column\">\n\t\t\t<div class=\"elementor-widget-wrap elementor-element-populated\">\n\t\t\t\t\t\t<div class=\"elementor-element elementor-element-0de8477 elementor-widget elementor-widget-text-editor\" data-id=\"0de8477\" data-element_type=\"widget\" data-e-type=\"widget\" data-widget_type=\"text-editor.default\">\n\t\t\t\t<div class=\"elementor-widget-container\">\n\t\t\t\t\t\t\t\t\t<h5>\u00c0 deux pas du Parvis de Saint-Gilles<\/h5>\t\t\t\t\t\t\t\t<\/div>\n\t\t\t\t<\/div>\n\t\t\t\t<div class=\"elementor-element elementor-element-924b7b5 elementor-widget elementor-widget-text-editor\" data-id=\"924b7b5\" data-element_type=\"widget\" data-e-type=\"widget\" data-widget_type=\"text-editor.default\">\n\t\t\t\t<div class=\"elementor-widget-container\">\n\t\t\t\t\t\t\t\t\t<h2>Notre histoire<\/h2>\t\t\t\t\t\t\t\t<\/div>\n\t\t\t\t<\/div>\n\t\t\t\t<div class=\"elementor-element elementor-element-de3c6aa elementor-widget elementor-widget-text-editor\" data-id=\"de3c6aa\" data-element_type=\"widget\" data-e-type=\"widget\" data-widget_type=\"text-editor.default\">\n\t\t\t\t<div class=\"elementor-widget-container\">\n\t\t\t\t\t\t\t\t\t<p>C\u2019est en 2015 que le Comptoir belge ouvre ses portes. Situ\u00e9e avenue Jean Volders, dans l&rsquo;une des plus belles art\u00e8res de la commune de Saint-Gilles, la boutique est reconnaissable par sa devanture arrondie, joli clin d&rsquo;\u0153il aux \u00e9piceries d\u2019antan. Depuis le premier jour, nous avons \u00e0 c\u0153ur de vous proposer le savoir-faire de nos artisans locaux, \u00e0 travers une s\u00e9lection de produits traditionnels tout en recherchant et soutenant r\u00e9guli\u00e8rement de nouveaux projets.<\/p>\t\t\t\t\t\t\t\t<\/div>\n\t\t\t\t<\/div>\n\t\t\t\t\t<\/div>\n\t\t<\/div>\n\t\t\t\t\t<\/div>\n\t\t<\/section>\n\t\t\t\t<section class=\"elementor-section elementor-top-section elementor-element elementor-element-9e415cb elementor-section-boxed elementor-section-height-default elementor-section-height-default parallax_section_no qode_elementor_container_no\" data-id=\"9e415cb\" data-element_type=\"section\" data-e-type=\"section\">\n\t\t\t\t\t\t<div class=\"elementor-container elementor-column-gap-default\">\n\t\t\t\t\t<div class=\"elementor-column elementor-col-50 elementor-top-column elementor-element elementor-element-a4e81b5\" data-id=\"a4e81b5\" data-element_type=\"column\" data-e-type=\"column\">\n\t\t\t<div class=\"elementor-widget-wrap elementor-element-populated\">\n\t\t\t\t\t\t<div class=\"elementor-element elementor-element-4cc3a73 elementor-widget elementor-widget-text-editor\" data-id=\"4cc3a73\" data-element_type=\"widget\" data-e-type=\"widget\" data-widget_type=\"text-editor.default\">\n\t\t\t\t<div class=\"elementor-widget-container\">\n\t\t\t\t\t\t\t\t\t<h5>Derri\u00e8re le comptoir<\/h5>\t\t\t\t\t\t\t\t<\/div>\n\t\t\t\t<\/div>\n\t\t\t\t<div class=\"elementor-element elementor-element-b97bfaa elementor-widget elementor-widget-text-editor\" data-id=\"b97bfaa\" data-element_type=\"widget\" data-e-type=\"widget\" data-widget_type=\"text-editor.default\">\n\t\t\t\t<div class=\"elementor-widget-container\">\n\t\t\t\t\t\t\t\t\t<h2>Gilles <span style=\"font-size:26px;\">(de Saint-Gilles)<\/span><\/h2>\t\t\t\t\t\t\t\t<\/div>\n\t\t\t\t<\/div>\n\t\t\t\t<div class=\"elementor-element elementor-element-ae4964b elementor-widget elementor-widget-text-editor\" data-id=\"ae4964b\" data-element_type=\"widget\" data-e-type=\"widget\" data-widget_type=\"text-editor.default\">\n\t\t\t\t<div class=\"elementor-widget-container\">\n\t\t\t\t\t\t\t\t\t<p>Nourri au <a href=\"https:\/\/www.brusselslife.be\/fr\/article\/bodding-a-la-bruxelloise-origine-recette\" target=\"_blank\" rel=\"noopener\">bodding<\/a> depuis mon plus jeune \u00e2ge, mon int\u00e9r\u00eat pour le plat pays qui m\u2019a vu na\u00eetre n\u2019a cess\u00e9 de grandir avec le temps ! Rod\u00e9 par une m\u00e9morable dissertation sur la Belgique en sixi\u00e8me primaire et bien plus tard par l\u2019animation d\u2019une webradio consacr\u00e9e \u00e0 la musique Made in Belgium, je n\u2019ai pas h\u00e9sit\u00e9 longtemps lorsque l\u2019opportunit\u00e9 de tenir mon \u00e9picerie noire-jaune-rouge s\u2019est pr\u00e9sent\u00e9e.<\/p><p>\u00a0<\/p><p>Ce qui me motive jour apr\u00e8s jour, c\u2019est de pouvoir rencontrer celles et ceux qui consacrent leur vie \u00e0 faire de leur mieux pour nous ravir le palais et exciter nos papilles. Par la connaissance de leur parcours et leurs produits, je peux vous raconter leur histoire et vous conseiller au mieux en fonction de vos envies et de vos go\u00fbts. Plus qu\u2019un simple espace de vente, je souhaite que le Comptoir belge continue \u00e0 \u00eatre ce lieu de rencontre entre gourmets, qu\u2019ils soient acteurs ou consommateurs.<br \/>Cette boutique dont j\u2019ai r\u00eav\u00e9 est aussi la v\u00f4tre ! C\u2019est avec joie que je vous en ouvre les portes. Amoureux\u00b7se des plaisirs de la table, d\u2019ici ou d\u2019ailleurs, soyez les bienvenu\u00b7e\u00b7s !<\/p>\t\t\t\t\t\t\t\t<\/div>\n\t\t\t\t<\/div>\n\t\t\t\t<div class=\"elementor-element elementor-element-3dff48e elementor-widget elementor-widget-image\" data-id=\"3dff48e\" data-element_type=\"widget\" data-e-type=\"widget\" data-widget_type=\"image.default\">\n\t\t\t\t<div class=\"elementor-widget-container\">\n\t\t\t\t\t\t\t\t\t\t\t\t\t\t\t\t<a href=\"https:\/\/www.petitfute.com\/v40163-bruxelles-brussel\/c650-produits-gourmands-vins\/c1104-epicerie\/c655-epicerie-fine\/1990053-le-comptoir-belge.html\" target=\"_blank\">\n\t\t\t\t\t\t\t<img decoding=\"async\" width=\"155\" height=\"65\" src=\"https:\/\/www.lecomptoirbelge.be\/wp-content\/uploads\/2022\/09\/logo-petit-fute-small2.png\" class=\"attachment-full size-full wp-image-913\" alt=\"\" \/>\t\t\t\t\t\t\t\t<\/a>\n\t\t\t\t\t\t\t\t\t\t\t\t\t\t\t<\/div>\n\t\t\t\t<\/div>\n\t\t\t\t\t<\/div>\n\t\t<\/div>\n\t\t\t\t<div class=\"elementor-column elementor-col-50 elementor-top-column elementor-element elementor-element-900e886\" data-id=\"900e886\" data-element_type=\"column\" data-e-type=\"column\">\n\t\t\t<div class=\"elementor-widget-wrap elementor-element-populated\">\n\t\t\t\t\t\t<div class=\"elementor-element elementor-element-70441af elementor-widget elementor-widget-spacer\" data-id=\"70441af\" data-element_type=\"widget\" data-e-type=\"widget\" data-widget_type=\"spacer.default\">\n\t\t\t\t<div class=\"elementor-widget-container\">\n\t\t\t\t\t\t\t<div class=\"elementor-spacer\">\n\t\t\t<div class=\"elementor-spacer-inner\"><\/div>\n\t\t<\/div>\n\t\t\t\t\t\t<\/div>\n\t\t\t\t<\/div>\n\t\t\t\t<div class=\"elementor-element elementor-element-760c405 elementor-widget elementor-widget-image\" data-id=\"760c405\" data-element_type=\"widget\" data-e-type=\"widget\" data-widget_type=\"image.default\">\n\t\t\t\t<div class=\"elementor-widget-container\">\n\t\t\t\t\t\t\t\t\t\t\t\t\t\t\t<img decoding=\"async\" src=\"https:\/\/www.lecomptoirbelge.be\/wp-content\/uploads\/2025\/11\/gilles-comptoir-belge_2-min.png\" title=\"\" alt=\"Gilles de Saint Gilles\" loading=\"lazy\" \/>\t\t\t\t\t\t\t\t\t\t\t\t\t\t\t<\/div>\n\t\t\t\t<\/div>\n\t\t\t\t\t<\/div>\n\t\t<\/div>\n\t\t\t\t\t<\/div>\n\t\t<\/section>\n\t\t\t\t<section style=\"background-image: url(https:\/\/www.lecomptoirbelge.be\/wp-content\/uploads\/2022\/10\/biere-belge-magasin-bruxelles.jpg);\" class=\"parallax_section_holder elementor-section elementor-top-section elementor-element elementor-element-3f73311 parallax_section_holder elementor-section-boxed elementor-section-height-default elementor-section-height-default qode_elementor_container_no\" data-speed=\"0\" data-id=\"3f73311\" data-element_type=\"section\" data-e-type=\"section\" data-settings=\"{&quot;background_background&quot;:&quot;classic&quot;,&quot;qode_parallax_image&quot;:{&quot;url&quot;:&quot;https:\\\/\\\/www.lecomptoirbelge.be\\\/wp-content\\\/uploads\\\/2022\\\/10\\\/biere-belge-magasin-bruxelles.jpg&quot;,&quot;id&quot;:1399,&quot;size&quot;:&quot;&quot;,&quot;alt&quot;:&quot;&quot;,&quot;source&quot;:&quot;library&quot;}}\">\n\t\t\t\t\t\t<div class=\"elementor-container elementor-column-gap-default\">\n\t\t\t\t\t<div class=\"elementor-column elementor-col-100 elementor-top-column elementor-element elementor-element-15e9f30\" data-id=\"15e9f30\" data-element_type=\"column\" data-e-type=\"column\">\n\t\t\t<div class=\"elementor-widget-wrap\">\n\t\t\t\t\t\t\t<\/div>\n\t\t<\/div>\n\t\t\t\t\t<\/div>\n\t\t<\/section>\n\t\t\t\t<\/div>\n\t\t","protected":false},"excerpt":{"rendered":"<p>\u00c0 deux pas du Parvis de Saint-Gilles Notre histoire C\u2019est en 2015 que le Comptoir belge ouvre ses portes. Situ\u00e9e avenue Jean Volders, dans l&rsquo;une des plus belles art\u00e8res de la commune de Saint-Gilles, la boutique est reconnaissable par sa devanture arrondie, joli clin d&rsquo;\u0153il&#8230;<\/p>\n","protected":false},"author":1,"featured_media":0,"parent":0,"menu_order":0,"comment_status":"closed","ping_status":"closed","template":"full_width.php","meta":{"footnotes":""},"class_list":["post-106","page","type-page","status-publish","hentry"],"yoast_head":"<!-- This site is optimized with the Yoast SEO plugin v27.2 - https:\/\/yoast.com\/product\/yoast-seo-wordpress\/ -->\n<title>L&#039;histoire de la boutique \u00e0 Saint-Gilles - Le Comptoir belge<\/title>\n<meta name=\"description\" content=\"\u00c9picerie fine \/ caviste au parvis de Saint-Gilles 72 avenue Jean Volders. Propose depuis 2015 le savoir-faire de nos artisans locaux\" \/>\n<meta name=\"robots\" content=\"index, follow, max-snippet:-1, max-image-preview:large, max-video-preview:-1\" \/>\n<link rel=\"canonical\" href=\"https:\/\/www.lecomptoirbelge.be\/fr\/a-propos-de-epicerie-caviste-saint-gilles\/\" \/>\n<meta property=\"og:locale\" content=\"fr_FR\" \/>\n<meta property=\"og:type\" content=\"article\" \/>\n<meta property=\"og:title\" content=\"L&#039;histoire de la boutique \u00e0 Saint-Gilles - Le Comptoir belge\" \/>\n<meta property=\"og:description\" content=\"\u00c9picerie fine \/ caviste au parvis de Saint-Gilles 72 avenue Jean Volders. Propose depuis 2015 le savoir-faire de nos artisans locaux\" \/>\n<meta property=\"og:url\" content=\"https:\/\/www.lecomptoirbelge.be\/fr\/a-propos-de-epicerie-caviste-saint-gilles\/\" \/>\n<meta property=\"og:site_name\" content=\"Le Comptoir belge\" \/>\n<meta property=\"article:modified_time\" content=\"2025-11-05T08:14:55+00:00\" \/>\n<meta property=\"og:image\" content=\"https:\/\/www.lecomptoirbelge.be\/wp-content\/uploads\/2022\/07\/le-comptoir-belge-bruxelles-photo-historique-small-min.png\" \/>\n<meta name=\"twitter:card\" content=\"summary_large_image\" \/>\n<meta name=\"twitter:label1\" content=\"Dur\u00e9e de lecture estim\u00e9e\" \/>\n\t<meta name=\"twitter:data1\" content=\"2 minutes\" \/>\n<script type=\"application\/ld+json\" class=\"yoast-schema-graph\">{\"@context\":\"https:\/\/schema.org\",\"@graph\":[{\"@type\":\"WebPage\",\"@id\":\"https:\/\/www.lecomptoirbelge.be\/fr\/a-propos-de-epicerie-caviste-saint-gilles\/\",\"url\":\"https:\/\/www.lecomptoirbelge.be\/fr\/a-propos-de-epicerie-caviste-saint-gilles\/\",\"name\":\"L'histoire de la boutique \u00e0 Saint-Gilles - Le Comptoir belge\",\"isPartOf\":{\"@id\":\"https:\/\/www.lecomptoirbelge.be\/fr\/#website\"},\"primaryImageOfPage\":{\"@id\":\"https:\/\/www.lecomptoirbelge.be\/fr\/a-propos-de-epicerie-caviste-saint-gilles\/#primaryimage\"},\"image\":{\"@id\":\"https:\/\/www.lecomptoirbelge.be\/fr\/a-propos-de-epicerie-caviste-saint-gilles\/#primaryimage\"},\"thumbnailUrl\":\"https:\/\/www.lecomptoirbelge.be\/wp-content\/uploads\/2022\/07\/le-comptoir-belge-bruxelles-photo-historique-small-min.png\",\"datePublished\":\"2019-10-21T07:06:24+00:00\",\"dateModified\":\"2025-11-05T08:14:55+00:00\",\"description\":\"\u00c9picerie fine \/ caviste au parvis de Saint-Gilles 72 avenue Jean Volders. Propose depuis 2015 le savoir-faire de nos artisans locaux\",\"breadcrumb\":{\"@id\":\"https:\/\/www.lecomptoirbelge.be\/fr\/a-propos-de-epicerie-caviste-saint-gilles\/#breadcrumb\"},\"inLanguage\":\"fr-FR\",\"potentialAction\":[{\"@type\":\"ReadAction\",\"target\":[\"https:\/\/www.lecomptoirbelge.be\/fr\/a-propos-de-epicerie-caviste-saint-gilles\/\"]}]},{\"@type\":\"ImageObject\",\"inLanguage\":\"fr-FR\",\"@id\":\"https:\/\/www.lecomptoirbelge.be\/fr\/a-propos-de-epicerie-caviste-saint-gilles\/#primaryimage\",\"url\":\"https:\/\/www.lecomptoirbelge.be\/wp-content\/uploads\/2022\/07\/le-comptoir-belge-bruxelles-photo-historique-small-min.png\",\"contentUrl\":\"https:\/\/www.lecomptoirbelge.be\/wp-content\/uploads\/2022\/07\/le-comptoir-belge-bruxelles-photo-historique-small-min.png\"},{\"@type\":\"BreadcrumbList\",\"@id\":\"https:\/\/www.lecomptoirbelge.be\/fr\/a-propos-de-epicerie-caviste-saint-gilles\/#breadcrumb\",\"itemListElement\":[{\"@type\":\"ListItem\",\"position\":1,\"name\":\"Accueil\",\"item\":\"https:\/\/www.lecomptoirbelge.be\/en\/\"},{\"@type\":\"ListItem\",\"position\":2,\"name\":\"\u00c0 propos\"}]},{\"@type\":\"WebSite\",\"@id\":\"https:\/\/www.lecomptoirbelge.be\/fr\/#website\",\"url\":\"https:\/\/www.lecomptoirbelge.be\/fr\/\",\"name\":\"Le Comptoir belge\",\"description\":\"\u00e9picerie fine \u00e0 Saint-Gilles\",\"potentialAction\":[{\"@type\":\"SearchAction\",\"target\":{\"@type\":\"EntryPoint\",\"urlTemplate\":\"https:\/\/www.lecomptoirbelge.be\/fr\/?s={search_term_string}\"},\"query-input\":{\"@type\":\"PropertyValueSpecification\",\"valueRequired\":true,\"valueName\":\"search_term_string\"}}],\"inLanguage\":\"fr-FR\"}]}<\/script>\n<!-- \/ Yoast SEO plugin. -->","yoast_head_json":{"title":"L'histoire de la boutique \u00e0 Saint-Gilles - Le Comptoir belge","description":"\u00c9picerie fine \/ caviste au parvis de Saint-Gilles 72 avenue Jean Volders. Propose depuis 2015 le savoir-faire de nos artisans locaux","robots":{"index":"index","follow":"follow","max-snippet":"max-snippet:-1","max-image-preview":"max-image-preview:large","max-video-preview":"max-video-preview:-1"},"canonical":"https:\/\/www.lecomptoirbelge.be\/fr\/a-propos-de-epicerie-caviste-saint-gilles\/","og_locale":"fr_FR","og_type":"article","og_title":"L'histoire de la boutique \u00e0 Saint-Gilles - Le Comptoir belge","og_description":"\u00c9picerie fine \/ caviste au parvis de Saint-Gilles 72 avenue Jean Volders. Propose depuis 2015 le savoir-faire de nos artisans locaux","og_url":"https:\/\/www.lecomptoirbelge.be\/fr\/a-propos-de-epicerie-caviste-saint-gilles\/","og_site_name":"Le Comptoir belge","article_modified_time":"2025-11-05T08:14:55+00:00","og_image":[{"url":"https:\/\/www.lecomptoirbelge.be\/wp-content\/uploads\/2022\/07\/le-comptoir-belge-bruxelles-photo-historique-small-min.png","type":"","width":"","height":""}],"twitter_card":"summary_large_image","twitter_misc":{"Dur\u00e9e de lecture estim\u00e9e":"2 minutes"},"schema":{"@context":"https:\/\/schema.org","@graph":[{"@type":"WebPage","@id":"https:\/\/www.lecomptoirbelge.be\/fr\/a-propos-de-epicerie-caviste-saint-gilles\/","url":"https:\/\/www.lecomptoirbelge.be\/fr\/a-propos-de-epicerie-caviste-saint-gilles\/","name":"L'histoire de la boutique \u00e0 Saint-Gilles - Le Comptoir belge","isPartOf":{"@id":"https:\/\/www.lecomptoirbelge.be\/fr\/#website"},"primaryImageOfPage":{"@id":"https:\/\/www.lecomptoirbelge.be\/fr\/a-propos-de-epicerie-caviste-saint-gilles\/#primaryimage"},"image":{"@id":"https:\/\/www.lecomptoirbelge.be\/fr\/a-propos-de-epicerie-caviste-saint-gilles\/#primaryimage"},"thumbnailUrl":"https:\/\/www.lecomptoirbelge.be\/wp-content\/uploads\/2022\/07\/le-comptoir-belge-bruxelles-photo-historique-small-min.png","datePublished":"2019-10-21T07:06:24+00:00","dateModified":"2025-11-05T08:14:55+00:00","description":"\u00c9picerie fine \/ caviste au parvis de Saint-Gilles 72 avenue Jean Volders. Propose depuis 2015 le savoir-faire de nos artisans locaux","breadcrumb":{"@id":"https:\/\/www.lecomptoirbelge.be\/fr\/a-propos-de-epicerie-caviste-saint-gilles\/#breadcrumb"},"inLanguage":"fr-FR","potentialAction":[{"@type":"ReadAction","target":["https:\/\/www.lecomptoirbelge.be\/fr\/a-propos-de-epicerie-caviste-saint-gilles\/"]}]},{"@type":"ImageObject","inLanguage":"fr-FR","@id":"https:\/\/www.lecomptoirbelge.be\/fr\/a-propos-de-epicerie-caviste-saint-gilles\/#primaryimage","url":"https:\/\/www.lecomptoirbelge.be\/wp-content\/uploads\/2022\/07\/le-comptoir-belge-bruxelles-photo-historique-small-min.png","contentUrl":"https:\/\/www.lecomptoirbelge.be\/wp-content\/uploads\/2022\/07\/le-comptoir-belge-bruxelles-photo-historique-small-min.png"},{"@type":"BreadcrumbList","@id":"https:\/\/www.lecomptoirbelge.be\/fr\/a-propos-de-epicerie-caviste-saint-gilles\/#breadcrumb","itemListElement":[{"@type":"ListItem","position":1,"name":"Accueil","item":"https:\/\/www.lecomptoirbelge.be\/en\/"},{"@type":"ListItem","position":2,"name":"\u00c0 propos"}]},{"@type":"WebSite","@id":"https:\/\/www.lecomptoirbelge.be\/fr\/#website","url":"https:\/\/www.lecomptoirbelge.be\/fr\/","name":"Le Comptoir belge","description":"\u00e9picerie fine \u00e0 Saint-Gilles","potentialAction":[{"@type":"SearchAction","target":{"@type":"EntryPoint","urlTemplate":"https:\/\/www.lecomptoirbelge.be\/fr\/?s={search_term_string}"},"query-input":{"@type":"PropertyValueSpecification","valueRequired":true,"valueName":"search_term_string"}}],"inLanguage":"fr-FR"}]}},"_links":{"self":[{"href":"https:\/\/www.lecomptoirbelge.be\/fr\/wp-json\/wp\/v2\/pages\/106","targetHints":{"allow":["GET"]}}],"collection":[{"href":"https:\/\/www.lecomptoirbelge.be\/fr\/wp-json\/wp\/v2\/pages"}],"about":[{"href":"https:\/\/www.lecomptoirbelge.be\/fr\/wp-json\/wp\/v2\/types\/page"}],"author":[{"embeddable":true,"href":"https:\/\/www.lecomptoirbelge.be\/fr\/wp-json\/wp\/v2\/users\/1"}],"replies":[{"embeddable":true,"href":"https:\/\/www.lecomptoirbelge.be\/fr\/wp-json\/wp\/v2\/comments?post=106"}],"version-history":[{"count":14,"href":"https:\/\/www.lecomptoirbelge.be\/fr\/wp-json\/wp\/v2\/pages\/106\/revisions"}],"predecessor-version":[{"id":2049,"href":"https:\/\/www.lecomptoirbelge.be\/fr\/wp-json\/wp\/v2\/pages\/106\/revisions\/2049"}],"wp:attachment":[{"href":"https:\/\/www.lecomptoirbelge.be\/fr\/wp-json\/wp\/v2\/media?parent=106"}],"curies":[{"name":"wp","href":"https:\/\/api.w.org\/{rel}","templated":true}]}}